{"id":11,"date":"2016-09-04T21:15:47","date_gmt":"2016-09-04T18:15:47","guid":{"rendered":"http:\/\/www.redslogistics.com\/?page_id=11"},"modified":"2016-11-14T23:14:36","modified_gmt":"2016-11-14T20:14:36","slug":"anasayfa","status":"publish","type":"page","link":"http:\/\/www.redslogistics.com\/zh\/","title":{"rendered":"ANA SAYFA"},"content":{"rendered":"<p><section id=\"\"  class=\"light\"> <div class=\"container\">  <div class=\"row\"><div class=\"col-md-4  text-default\" >[vc_icon icon_fontawesome=&#8221;fa fa-cog&#8221; color=&#8221;custom&#8221; size=&#8221;xl&#8221; align=&#8221;center&#8221; css_animation=&#8221;bottom-to-top&#8221; link=&#8221;url:http%3A%2F%2Fwww.redslogistics.com%2Flojistik%2F|||&#8221; custom_color=&#8221;#a21a15&#8243;][vc_column_text]<\/p>\n<h4 style=\"text-align: center;\"><strong>H\u0130ZMETLER\u0130M\u0130Z<\/strong><\/h4>\n<p style=\"text-align: center;\">2003 Y\u0131l\u0131ndan beri \u015eirketimizin misyonu, m\u00fc\u015fterilerine en iyi hizmeti, i\u015fleri i\u00e7in \u00f6zelle\u015ftirilmi\u015f \u00e7\u00f6z\u00fcmleri en rekabet\u00e7i fiyatlarla sa\u011flamakt\u0131r&#8230;<\/p>\n<p style=\"text-align: center;\"><a href=\"http:\/\/www.redslogistics.com\/lojistik\/\">+Devam\u0131<\/a><\/p>\n<p>[\/vc_column_text]<\/div><div class=\"col-md-4  text-default\" >[vc_icon icon_fontawesome=&#8221;fa fa-random&#8221; color=&#8221;custom&#8221; size=&#8221;xl&#8221; align=&#8221;center&#8221; css_animation=&#8221;bottom-to-top&#8221; link=&#8221;url:http%3A%2F%2Fwww.redslogistics.com%2Fprojeler%2F|||&#8221; custom_color=&#8221;#a21a15&#8243;][vc_column_text]<\/p>\n<h4 style=\"text-align: center;\"><strong>USA ARMY PROJECT<\/strong><\/h4>\n<p style=\"text-align: center;\">2009-2011 Y\u0131llar\u0131 aras\u0131nda; Irak ve Afganistan da Amerikan Ordusu i\u00e7in toplam 6 Proje tamamlam\u0131\u015ft\u0131r. Detaylara a\u015fa\u011f\u0131daki linkten ula\u015fabilirsiniz.<\/p>\n<p style=\"text-align: center;\"><a href=\"http:\/\/www.redslogistics.com\/projeler\/\">+Devam\u0131<\/a><\/p>\n<p>[\/vc_column_text]<\/div><div class=\"col-md-4  text-default\" >[vc_icon icon_fontawesome=&#8221;fa fa-phone&#8221; color=&#8221;custom&#8221; size=&#8221;xl&#8221; align=&#8221;center&#8221; css_animation=&#8221;bottom-to-top&#8221; custom_color=&#8221;#a21a15&#8243; link=&#8221;url:http%3A%2F%2Fwww.redslogistics.com%2Filetisim%2F|||&#8221;][vc_column_text]<\/p>\n<h4 style=\"text-align: center;\"><strong>B\u0130ZE ULA\u015eIN<\/strong><\/h4>\n<p style=\"text-align: center;\">Phone : +90 212 852 7744<br \/>\nFax : +90 212 852 7745<br \/>\nE-mail : info@redslogistics.com<\/p>\n<p style=\"text-align: center;\"><a href=\"http:\/\/www.redslogistics.com\/iletisim\/\">+Devam\u0131<\/a><\/p>\n<p>[\/vc_column_text]<\/div>  <\/div>  <\/div><\/section><section id=\"\"  class=\"light\"> <div class=\"container\">  <div class=\"row\"><div class=\"col-md-12  text-default\" >[vc_column_text]<img loading=\"lazy\" class=\"alignnone size-full wp-image-140\" src=\"http:\/\/www.redslogistics.com\/wp-content\/uploads\/2016\/09\/Untitled-2.jpg\" alt=\"untitled-2\" width=\"1020\" height=\"425\" srcset=\"http:\/\/www.redslogistics.com\/wp-content\/uploads\/2016\/09\/Untitled-2.jpg 1020w, http:\/\/www.redslogistics.com\/wp-content\/uploads\/2016\/09\/Untitled-2-300x125.jpg 300w, http:\/\/www.redslogistics.com\/wp-content\/uploads\/2016\/09\/Untitled-2-768x320.jpg 768w\" sizes=\"(max-width: 1020px) 100vw, 1020px\" \/>[\/vc_column_text]<\/div>  <\/div>  <\/div><\/section><section id=\"\"  class=\"light\"> <div class=\"container\">  <div class=\"row\"><div class=\"col-md-12  text-default\" >[vc_empty_space]<\/div>  <\/div>  <\/div><\/section><\/p>","protected":false},"excerpt":{"rendered":"[vc_icon icon_fontawesome=\"fa fa-cog\" color=\"custom\" si [...]","protected":false},"author":2,"featured_media":0,"parent":0,"menu_order":0,"comment_status":"closed","ping_status":"closed","template":"","meta":[],"_links":{"self":[{"href":"http:\/\/www.redslogistics.com\/zh\/wp-json\/wp\/v2\/pages\/11"}],"collection":[{"href":"http:\/\/www.redslogistics.com\/zh\/wp-json\/wp\/v2\/pages"}],"about":[{"href":"http:\/\/www.redslogistics.com\/zh\/wp-json\/wp\/v2\/types\/page"}],"author":[{"embeddable":true,"href":"http:\/\/www.redslogistics.com\/zh\/wp-json\/wp\/v2\/users\/2"}],"replies":[{"embeddable":true,"href":"http:\/\/www.redslogistics.com\/zh\/wp-json\/wp\/v2\/comments?post=11"}],"version-history":[{"count":30,"href":"http:\/\/www.redslogistics.com\/zh\/wp-json\/wp\/v2\/pages\/11\/revisions"}],"predecessor-version":[{"id":203,"href":"http:\/\/www.redslogistics.com\/zh\/wp-json\/wp\/v2\/pages\/11\/revisions\/203"}],"wp:attachment":[{"href":"http:\/\/www.redslogistics.com\/zh\/wp-json\/wp\/v2\/media?parent=11"}],"curies":[{"name":"wp","href":"https:\/\/api.w.org\/{rel}","templated":true}]}}