{"id":24,"date":"2016-09-16T14:04:33","date_gmt":"2016-09-16T11:04:33","guid":{"rendered":"http:\/\/www.redslogistics.com\/?page_id=24"},"modified":"2020-05-15T18:13:06","modified_gmt":"2020-05-15T15:13:06","slug":"dis-ticaret","status":"publish","type":"page","link":"http:\/\/www.redslogistics.com\/zh\/dis-ticaret\/","title":{"rendered":"DI\u015e T\u0130CARET"},"content":{"rendered":"<p><section id=\"\"  class=\"light\"> <div class=\"container\">  <div class=\"row\"><div class=\"col-md-12  text-default\" >[vc_column_text]2006 Y\u0131l\u0131ndan Beri yakla\u015f\u0131k 7 Milyon Usd lik Teksil \u0130hracat kapasitesi ile sekt\u00f6r\u00fcn b\u00fcy\u00fcmesine katk\u0131da bulunmaktad\u0131r. Ta\u015f\u0131mac\u0131l\u0131k hizmetleri yan\u0131nda Tekstil ve Konfeksiyon konusunda uzmanla\u015fm\u0131\u015f kadrosu ile haz\u0131r giyim sekt\u00f6r\u00fcnde de hizmet vermektedir. Konusunda uzman i\u015f ortaklar\u0131m\u0131z ile birlikte m\u00fc\u015fterilerimize sa\u011flad\u0131\u011f\u0131m\u0131z kaliteli, h\u0131zl\u0131, uygun \u00fcr\u00fcnler \u00fcreterek zaman\u0131nda ula\u015ft\u0131rma yetene\u011fimiz ile maliyetleri d\u00fc\u015f\u00fcr\u00fcp rekabetine destek olmaktad\u0131r. Ayr\u0131ca m\u00fc\u015fterilerimize d\u00fczenli olarak trend kuma\u015f, renk, aksesuar, bask\u0131 ve model fikirleri de vermekteyiz.[\/vc_column_text]<\/div>  <\/div>  <\/div><\/section><section id=\"\"  class=\"light\"> <div class=\"container\">  <div class=\"row\"><div class=\"col-md-12  text-default\" >[vc_empty_space height=&#8221;60px&#8221;]<\/div>  <\/div>  <\/div><\/section><\/p>","protected":false},"excerpt":{"rendered":"[vc_column_text]2006 Y\u0131l\u0131ndan Beri yakla\u015f\u0131k 7 Milyon Us [...]","protected":false},"author":2,"featured_media":0,"parent":0,"menu_order":0,"comment_status":"closed","ping_status":"closed","template":"","meta":[],"_links":{"self":[{"href":"http:\/\/www.redslogistics.com\/zh\/wp-json\/wp\/v2\/pages\/24"}],"collection":[{"href":"http:\/\/www.redslogistics.com\/zh\/wp-json\/wp\/v2\/pages"}],"about":[{"href":"http:\/\/www.redslogistics.com\/zh\/wp-json\/wp\/v2\/types\/page"}],"author":[{"embeddable":true,"href":"http:\/\/www.redslogistics.com\/zh\/wp-json\/wp\/v2\/users\/2"}],"replies":[{"embeddable":true,"href":"http:\/\/www.redslogistics.com\/zh\/wp-json\/wp\/v2\/comments?post=24"}],"version-history":[{"count":13,"href":"http:\/\/www.redslogistics.com\/zh\/wp-json\/wp\/v2\/pages\/24\/revisions"}],"predecessor-version":[{"id":236,"href":"http:\/\/www.redslogistics.com\/zh\/wp-json\/wp\/v2\/pages\/24\/revisions\/236"}],"wp:attachment":[{"href":"http:\/\/www.redslogistics.com\/zh\/wp-json\/wp\/v2\/media?parent=24"}],"curies":[{"name":"wp","href":"https:\/\/api.w.org\/{rel}","templated":true}]}}