{"id":31,"date":"2016-09-16T14:05:44","date_gmt":"2016-09-16T11:05:44","guid":{"rendered":"http:\/\/www.redslogistics.com\/?page_id=31"},"modified":"2016-11-09T14:39:26","modified_gmt":"2016-11-09T11:39:26","slug":"proje-kargo","status":"publish","type":"page","link":"http:\/\/www.redslogistics.com\/zh\/projeler\/proje-kargo\/","title":{"rendered":"PROJE KARGO"},"content":{"rendered":"<p><section id=\"\"  class=\"light\"> <div class=\"container\">  <div class=\"row\"><div class=\"col-md-12  text-default\" >[vc_column_text]<strong>PROJE TA\u015eIMACILI\u011eI<\/strong><\/p>\n<p>Standart \u00f6l\u00e7\u00fcler d\u0131\u015f\u0131ndaki(Gabari D\u0131\u015f\u0131) t\u00fcm y\u00fcklerin, bu y\u00fcklere uygun tasarlanm\u0131\u015f \u00f6zel ara\u00e7lar ile m\u00fcmk\u00fcn olan en emniyetli ve en k\u0131sa s\u00fcrede, gerekli t\u00fcm ta\u015f\u0131ma modlar\u0131n\u0131 kullanarak var\u0131\u015f noktas\u0131na ula\u015ft\u0131r\u0131lma i\u015flemidir. Firmam\u0131z bug\u00fcne kadar tamamlam\u0131\u015f oldu\u011fu projelerle m\u00fc\u015fterilerine daha iyisini vermeye her zaman haz\u0131rd\u0131r.<\/p>\n<p><strong>Proje ta\u015f\u0131mac\u0131l\u0131\u011f\u0131 kapsam\u0131nda verilen hizmetler:<\/strong><\/p>\n<ol>\n<li>Proje ta\u015f\u0131ma icin on haz\u0131rl\u0131k<\/li>\n<li>D\u0131\u015f ticaret ve mevzuat deste\u011fi<\/li>\n<li>Yerel bilgilendirme<\/li>\n<li>Multimodel \u2013 Kombine, Heavy Cargo \u00e7\u00f6z\u00fcmleri<\/li>\n<li>Depo ve aktarma \u00e7\u00f6z\u00fcmleri<\/li>\n<li>Lashing, malzeme sabitleme ve paketleme<\/li>\n<li>Sipari\u015f izleme<\/li>\n<li>Vin\u00e7, survey ve emtea sigortas\u0131<\/li>\n<li>Belge ak\u0131\u015f\u0131<\/li>\n<li>G\u00fcrzergah Sorgulama\u2026<\/li>\n<\/ol>\n<p><img loading=\"lazy\" class=\"alignnone size-large wp-image-83\" src=\"http:\/\/www.redslogistics.com\/wp-content\/uploads\/2016\/09\/IMG_4238-1024x576.jpg\" alt=\"img_4238\" width=\"1024\" height=\"576\" srcset=\"http:\/\/www.redslogistics.com\/wp-content\/uploads\/2016\/09\/IMG_4238-1024x576.jpg 1024w, http:\/\/www.redslogistics.com\/wp-content\/uploads\/2016\/09\/IMG_4238-300x169.jpg 300w, http:\/\/www.redslogistics.com\/wp-content\/uploads\/2016\/09\/IMG_4238-768x432.jpg 768w\" sizes=\"(max-width: 1024px) 100vw, 1024px\" \/>[\/vc_column_text]<\/div>  <\/div>  <\/div><\/section><\/p>","protected":false},"excerpt":{"rendered":"[vc_column_text]PROJE TA\u015eIMACILI\u011eI Standart \u00f6l\u00e7\u00fcler d\u0131\u015f [...]","protected":false},"author":2,"featured_media":0,"parent":29,"menu_order":0,"comment_status":"closed","ping_status":"closed","template":"","meta":[],"_links":{"self":[{"href":"http:\/\/www.redslogistics.com\/zh\/wp-json\/wp\/v2\/pages\/31"}],"collection":[{"href":"http:\/\/www.redslogistics.com\/zh\/wp-json\/wp\/v2\/pages"}],"about":[{"href":"http:\/\/www.redslogistics.com\/zh\/wp-json\/wp\/v2\/types\/page"}],"author":[{"embeddable":true,"href":"http:\/\/www.redslogistics.com\/zh\/wp-json\/wp\/v2\/users\/2"}],"replies":[{"embeddable":true,"href":"http:\/\/www.redslogistics.com\/zh\/wp-json\/wp\/v2\/comments?post=31"}],"version-history":[{"count":4,"href":"http:\/\/www.redslogistics.com\/zh\/wp-json\/wp\/v2\/pages\/31\/revisions"}],"predecessor-version":[{"id":197,"href":"http:\/\/www.redslogistics.com\/zh\/wp-json\/wp\/v2\/pages\/31\/revisions\/197"}],"up":[{"embeddable":true,"href":"http:\/\/www.redslogistics.com\/zh\/wp-json\/wp\/v2\/pages\/29"}],"wp:attachment":[{"href":"http:\/\/www.redslogistics.com\/zh\/wp-json\/wp\/v2\/media?parent=31"}],"curies":[{"name":"wp","href":"https:\/\/api.w.org\/{rel}","templated":true}]}}