{"id":37,"date":"2016-09-16T14:06:49","date_gmt":"2016-09-16T11:06:49","guid":{"rendered":"http:\/\/www.redslogistics.com\/?page_id=37"},"modified":"2016-11-09T14:23:13","modified_gmt":"2016-11-09T11:23:13","slug":"hava-tasimaciligi","status":"publish","type":"page","link":"http:\/\/www.redslogistics.com\/zh\/lojistik\/hava-tasimaciligi\/","title":{"rendered":"HAVA TA\u015eIMACILI\u011eI"},"content":{"rendered":"<p><section id=\"\"  class=\"light\"> <div class=\"container\">  <div class=\"row\"><div class=\"col-md-12  text-default\" >[vc_column_text]<strong>HAVA YOLU<\/strong><\/p>\n<p>Servisimiz G\u00fcvenilir ve konusunda Uzman Acente a\u011f\u0131 ile \u00f6zetle a\u015fa\u011f\u0131daki olarak hizmetleri kapsar :<\/p>\n<ul>\n<li>Kap\u0131dan Kayp\u0131ya teslim<\/li>\n<li>Hava liman\u0131ndan kap\u0131ya teslim<\/li>\n<li>Kap\u0131dan hava liman\u0131na teslim<\/li>\n<li>Hava Liman\u0131ndan \u2013 Hava Liman\u0131na teslim<\/li>\n<li>Konsolidasyon<\/li>\n<li>Gerekti\u011finde Komple Kiralama<\/li>\n<\/ul>\n<p>Hava Yolu ta\u015f\u0131mac\u0131l\u0131\u011f\u0131nda Vol\u00fcm Kg hesaplama a\u015fa\u011f\u0131daki gibidir:<br \/>\nEn x Boy x Y\u00fckseklik \/ 6000 = y<br \/>\n\u00d6l\u00e7\u00fcler cm cinsinden \u00e7arp\u0131lmal\u0131d\u0131r.<\/p>\n<p>Hava Yolu ta\u015f\u0131mac\u0131l\u0131\u011f\u0131nda, Kap \u00f6l\u00e7\u00fcleri ve A\u011f\u0131rl\u0131k \u00f6nemlidir. U\u00e7ak tipine ve kap\u0131 \u00f6l\u00e7\u00fclerine g\u00f6re Kg veya \u00d6l\u00e7\u00fc olarak k\u0131s\u0131tlar vard\u0131r. Dolay\u0131s\u0131 ile y\u00fckleme\/paketleme yapmadan \u00f6nce gerekli bilgilendirme i\u00e7in hizmet sa\u011flay\u0131c\u0131n\u0131z ile ileti\u015fime ge\u00e7meniz zaman ve maliyet kayb\u0131n\u0131z\u0131 \u00f6nlemenize yard\u0131mc\u0131 olacakt\u0131r.<\/p>\n<p><strong>Kap\u0131dan Kap\u0131ya ve\/veya Hava Liman\u0131n dan Hava Liman\u0131na t\u00fcm opsiyonlar\u0131n maliyet ve zaman kayb\u0131n\u0131z\u0131 \u00f6nleyecek \u015fekilde planlanmas\u0131 \u00f6ncelikli hedeflerimiz aras\u0131ndad\u0131r. \u00c7ift y\u00f6nl\u00fc kontrol ile hangi ta\u015fima anla\u015fmas\u0131n\u0131n(INCOTERMS) size daha uygun oldu\u011funu beliryerek maliyetlerinizi minimize etmenizi sa\u011flamak temel prensiplerimizdendir. <\/strong><strong>\u00d6zellikle \u00c7in den yapaca\u011f\u0131n\u0131z ithalatlarda, \u00fcr\u00fcnlerinizin Kap\u0131dan al\u0131n\u0131p depolanmas\u0131, gerekmesi halinde yeniden paketlemesi, \u00c7in deki ihracat evraklar\u0131n\u0131n\/lisanslar\u0131n sa\u011flanmas\u0131, ihracat g\u00fcmr\u00fckleme hizmetleri ve T\u00fcrkiye de kap\u0131n\u0131za kadarki t\u00fcm hizmetleri kapsayan b\u00fct\u00fcnsel bir hizmet vermek en \u00f6nemli hizmet kalemlerimizdendir. Detaylar i\u00e7in Firmam\u0131z ile ileti\u015fime ge\u00e7menizi rica ederiz.<\/strong><\/p>\n<p>&nbsp;<\/p>\n<p><img loading=\"lazy\" class=\"alignnone size-full wp-image-88\" src=\"http:\/\/www.redslogistics.com\/wp-content\/uploads\/2016\/09\/1413337_598.jpg\" alt=\"1413337_598\" width=\"640\" height=\"423\" srcset=\"http:\/\/www.redslogistics.com\/wp-content\/uploads\/2016\/09\/1413337_598.jpg 640w, http:\/\/www.redslogistics.com\/wp-content\/uploads\/2016\/09\/1413337_598-300x198.jpg 300w\" sizes=\"(max-width: 640px) 100vw, 640px\" \/>[\/vc_column_text]<\/div>  <\/div>  <\/div><\/section><\/p>","protected":false},"excerpt":{"rendered":"[vc_column_text]HAVA YOLU Servisimiz G\u00fcvenilir ve konus [...]","protected":false},"author":2,"featured_media":0,"parent":33,"menu_order":0,"comment_status":"closed","ping_status":"closed","template":"","meta":[],"_links":{"self":[{"href":"http:\/\/www.redslogistics.com\/zh\/wp-json\/wp\/v2\/pages\/37"}],"collection":[{"href":"http:\/\/www.redslogistics.com\/zh\/wp-json\/wp\/v2\/pages"}],"about":[{"href":"http:\/\/www.redslogistics.com\/zh\/wp-json\/wp\/v2\/types\/page"}],"author":[{"embeddable":true,"href":"http:\/\/www.redslogistics.com\/zh\/wp-json\/wp\/v2\/users\/2"}],"replies":[{"embeddable":true,"href":"http:\/\/www.redslogistics.com\/zh\/wp-json\/wp\/v2\/comments?post=37"}],"version-history":[{"count":4,"href":"http:\/\/www.redslogistics.com\/zh\/wp-json\/wp\/v2\/pages\/37\/revisions"}],"predecessor-version":[{"id":189,"href":"http:\/\/www.redslogistics.com\/zh\/wp-json\/wp\/v2\/pages\/37\/revisions\/189"}],"up":[{"embeddable":true,"href":"http:\/\/www.redslogistics.com\/zh\/wp-json\/wp\/v2\/pages\/33"}],"wp:attachment":[{"href":"http:\/\/www.redslogistics.com\/zh\/wp-json\/wp\/v2\/media?parent=37"}],"curies":[{"name":"wp","href":"https:\/\/api.w.org\/{rel}","templated":true}]}}