{"id":39,"date":"2016-09-16T14:07:14","date_gmt":"2016-09-16T11:07:14","guid":{"rendered":"http:\/\/www.redslogistics.com\/?page_id=39"},"modified":"2016-11-09T14:18:41","modified_gmt":"2016-11-09T11:18:41","slug":"deniz-tasimaciligi","status":"publish","type":"page","link":"http:\/\/www.redslogistics.com\/zh\/lojistik\/deniz-tasimaciligi\/","title":{"rendered":"DEN\u0130Z TA\u015eIMACILI\u011eI"},"content":{"rendered":"<p><section id=\"\"  class=\"light\"> <div class=\"container\">  <div class=\"row\"><div class=\"col-md-12  text-default\" >[vc_column_text]<strong>DEN\u0130Z YOLU<\/strong><\/p>\n<ul>\n<li>F.C.L. (Full Container Load)<\/li>\n<li>Parsiyel L.C.L.(Less Container Load) konteyner hizmeti sa\u011flanmas\u0131.<\/li>\n<li>B\u00fct\u00fcn hat sahiplerinin navlun seviyeleri ve gemi programlar\u0131 hakk\u0131ndaki kapsaml\u0131 veri bankam\u0131z yerel acenteleriyle birlikte s\u00fcrekli g\u00fcncellenir(ith&amp;ihr). Bu bilgiyle m\u00fc\u015fterimize b\u00fct\u00fcn nakliye ihtiya\u00e7lar\u0131 ve zaman\u0131nda teslimat i\u00e7in kullanabilece\u011fi do\u011fru hat sahibiyle birlikte do\u011fru fiyat\u0131 sunmay\u0131 ama\u00e7lar\u0131z.<\/li>\n<li>Kap\u0131dan Kap\u0131ya ve\/veya Liman dan Liman t\u00fcm opsiyonlar\u0131n maliyet ve zaman kayb\u0131n\u0131z\u0131 \u00f6nleyecek \u015fekilde planlanmas\u0131 \u00f6ncelikli hedeflerimiz aras\u0131ndad\u0131r. \u00c7ift y\u00f6nl\u00fc kontrol ile hangi ta\u015fima anla\u015fmas\u0131n\u0131n(INCOTERMS) size daha uygun oldu\u011funu beliryerek maliyetlerinizi minimize etmenizi sa\u011flamak temel prensiplerimizdendir.<\/li>\n<li><strong>\u00d6zellikle \u00c7in den yapaca\u011f\u0131n\u0131z ithalatlarda<\/strong>, \u00fcr\u00fcnlerinizin Kap\u0131dan al\u0131n\u0131p depolanmas\u0131, gerekmesi halinde yeniden paketlemesi, \u00c7in deki ihracat evraklar\u0131n\u0131n\/lisanslar\u0131n sa\u011flanmas\u0131, ihracat g\u00fcmr\u00fckleme hizmetleri ve T\u00fcrkiye de kap\u0131n\u0131za kadarki t\u00fcm hizmetleri kapsayan b\u00fct\u00fcnsel bir hizmet vermek en \u00f6nemli hizmet kalemlerimizdendir. Detaylar i\u00e7in Firmam\u0131z ile ileti\u015fime ge\u00e7menizi rica ederiz.<\/li>\n<\/ul>\n<p><img loading=\"lazy\" class=\"alignnone size-full wp-image-91\" src=\"http:\/\/www.redslogistics.com\/wp-content\/uploads\/2016\/09\/Loading_in_40_OT_Container_of_QuickMaster_35_1291299403.jpg\" alt=\"loading_in_40_ot_container_of_quickmaster_35_1291299403\" width=\"650\" height=\"488\" srcset=\"http:\/\/www.redslogistics.com\/wp-content\/uploads\/2016\/09\/Loading_in_40_OT_Container_of_QuickMaster_35_1291299403.jpg 650w, http:\/\/www.redslogistics.com\/wp-content\/uploads\/2016\/09\/Loading_in_40_OT_Container_of_QuickMaster_35_1291299403-300x225.jpg 300w\" sizes=\"(max-width: 650px) 100vw, 650px\" \/>[\/vc_column_text]<\/div>  <\/div>  <\/div><\/section><\/p>","protected":false},"excerpt":{"rendered":"[vc_column_text]DEN\u0130Z YOLU F.C.L. (Full Container Load) [...]","protected":false},"author":2,"featured_media":0,"parent":33,"menu_order":0,"comment_status":"closed","ping_status":"closed","template":"","meta":[],"_links":{"self":[{"href":"http:\/\/www.redslogistics.com\/zh\/wp-json\/wp\/v2\/pages\/39"}],"collection":[{"href":"http:\/\/www.redslogistics.com\/zh\/wp-json\/wp\/v2\/pages"}],"about":[{"href":"http:\/\/www.redslogistics.com\/zh\/wp-json\/wp\/v2\/types\/page"}],"author":[{"embeddable":true,"href":"http:\/\/www.redslogistics.com\/zh\/wp-json\/wp\/v2\/users\/2"}],"replies":[{"embeddable":true,"href":"http:\/\/www.redslogistics.com\/zh\/wp-json\/wp\/v2\/comments?post=39"}],"version-history":[{"count":7,"href":"http:\/\/www.redslogistics.com\/zh\/wp-json\/wp\/v2\/pages\/39\/revisions"}],"predecessor-version":[{"id":187,"href":"http:\/\/www.redslogistics.com\/zh\/wp-json\/wp\/v2\/pages\/39\/revisions\/187"}],"up":[{"embeddable":true,"href":"http:\/\/www.redslogistics.com\/zh\/wp-json\/wp\/v2\/pages\/33"}],"wp:attachment":[{"href":"http:\/\/www.redslogistics.com\/zh\/wp-json\/wp\/v2\/media?parent=39"}],"curies":[{"name":"wp","href":"https:\/\/api.w.org\/{rel}","templated":true}]}}