{"id":41,"date":"2016-09-16T14:07:31","date_gmt":"2016-09-16T11:07:31","guid":{"rendered":"http:\/\/www.redslogistics.com\/?page_id=41"},"modified":"2021-06-05T16:14:07","modified_gmt":"2021-06-05T13:14:07","slug":"fuar-lojistigi","status":"publish","type":"page","link":"http:\/\/www.redslogistics.com\/zh\/lojistik\/fuar-lojistigi\/","title":{"rendered":"FUAR LOJ\u0130ST\u0130\u011e\u0130"},"content":{"rendered":"<p><section id=\"\"  class=\"light\"> <div class=\"container\">  <div class=\"row\"><div class=\"col-md-12  text-default\" >[vc_column_text]<img loading=\"lazy\" class=\"alignnone size-large wp-image-94\" src=\"http:\/\/www.redslogistics.com\/wp-content\/uploads\/2016\/09\/20140923_2153151-1024x576.jpg\" alt=\"20140923_2153151\" width=\"1024\" height=\"576\" srcset=\"http:\/\/www.redslogistics.com\/wp-content\/uploads\/2016\/09\/20140923_2153151-1024x576.jpg 1024w, http:\/\/www.redslogistics.com\/wp-content\/uploads\/2016\/09\/20140923_2153151-300x169.jpg 300w, http:\/\/www.redslogistics.com\/wp-content\/uploads\/2016\/09\/20140923_2153151-768x432.jpg 768w, http:\/\/www.redslogistics.com\/wp-content\/uploads\/2016\/09\/20140923_2153151.jpg 1032w\" sizes=\"(max-width: 1024px) 100vw, 1024px\" \/><\/p>\n<p>T\u00fcrkiye ve Yurtd\u0131\u015f\u0131nda Fuar Lojisti\u011finin \u00f6nde gelen \u015firketlerden biri olma yolundad\u0131r. Hata kabul etmeyen bir Lojistik Hizmeti oldu\u011fu bilinciyle, hizmetin her a\u015famas\u0131nda firmalar\u0131n bilgilendirilmesi ve gereken hizmetlerin zaman\u0131nda ve tam olarak verilmesi i\u00e7in gerekli t\u00fcm hizmetleri vermek firmam\u0131z\u0131n temel ve vazge\u00e7ilmez prensiplerindendir.<\/p>\n<p><strong>Hizmet Ak\u0131\u015f S\u00fcreci :<\/strong><\/p>\n<ul>\n<li>Mallar\u0131n\u0131z\u0131n haz\u0131rlanmas\u0131ndan \u00f6nce fu\u0131ar \u00fclkesine kadarki s\u00fcre\u00e7 i\u00e7in gerekli bilgi deste\u011finin sa\u011flanmas\u0131.<\/li>\n<li>Sergi \u00fcr\u00fcnlerinizin adresinizden veya adresimizde teslim al\u0131nmas\u0131.<\/li>\n<li>Bu s\u00fcrece kadar evraklamalar\u0131n\u0131z ile ilgili; gidece\u011fi \u00fclke g\u00fcmr\u00fc\u011f\u00fcne uygun olarak evraklar\u0131n\u0131z\u0131n haz\u0131rlanmas\u0131 i\u00e7in gerekli bilgi deste\u011fi veya evraklar\u0131n\u0131z\u0131n taraf\u0131m\u0131zca haz\u0131rlanmas\u0131<\/li>\n<li>Talep halinde Paketleme<\/li>\n<li>Ta\u015f\u0131mac\u0131l\u0131k ve g\u00fcmr\u00fck belgelerinin d\u00fczenlenmesi<\/li>\n<li>G\u00fcmr\u00fckleme ve ge\u00e7ici kabul i\u015flemleri<\/li>\n<li>Gidi\u015f-D\u00f6n\u00fc\u015f ta\u015f\u0131ma (Deniz, Kara, Hava)<\/li>\n<li>Var\u0131\u015f \u00fclkesinde g\u00fcmr\u00fckleme, depolama ve stand\u0131n\u0131za teslim edilmesi<\/li>\n<li>Bo\u015f paketlerin depolanmas\u0131<\/li>\n<li>Talep edilmesi halinde etkinlik alan\u0131nda paket a\u00e7ma ve konumland\u0131rma<\/li>\n<li>Alanda 24 saat hizmet<\/li>\n<li>Ayn\u0131 \u015fekilde \u00fcr\u00fcnlerin T\u00fcrkiye\u2019ye geri getirlmesi ve istedi\u011finiz adrese teslim edilmesi.<\/li>\n<li>Kat\u0131ld\u0131\u011f\u0131n\u0131z bir fuardan ba\u015fka bir \u00fclkedeki fuara mallar\u0131n\u0131z\u0131n nakledilmesi\u2026<\/li>\n<\/ul>\n<p><img loading=\"lazy\" class=\"alignnone size-large wp-image-95\" src=\"http:\/\/www.redslogistics.com\/wp-content\/uploads\/2016\/09\/20140914_1649153-576x1024.jpg\" alt=\"20140914_1649153\" width=\"576\" height=\"1024\" srcset=\"http:\/\/www.redslogistics.com\/wp-content\/uploads\/2016\/09\/20140914_1649153-576x1024.jpg 576w, http:\/\/www.redslogistics.com\/wp-content\/uploads\/2016\/09\/20140914_1649153-169x300.jpg 169w, http:\/\/www.redslogistics.com\/wp-content\/uploads\/2016\/09\/20140914_1649153-768x1366.jpg 768w, http:\/\/www.redslogistics.com\/wp-content\/uploads\/2016\/09\/20140914_1649153.jpg 812w\" sizes=\"(max-width: 576px) 100vw, 576px\" \/>[\/vc_column_text]<\/div>  <\/div>  <\/div><\/section><\/p>","protected":false},"excerpt":{"rendered":"[vc_column_text] T\u00fcrkiye ve Yurtd\u0131\u015f\u0131nda Fuar Lojisti\u011fin [...]","protected":false},"author":2,"featured_media":0,"parent":33,"menu_order":0,"comment_status":"closed","ping_status":"closed","template":"","meta":[],"_links":{"self":[{"href":"http:\/\/www.redslogistics.com\/zh\/wp-json\/wp\/v2\/pages\/41"}],"collection":[{"href":"http:\/\/www.redslogistics.com\/zh\/wp-json\/wp\/v2\/pages"}],"about":[{"href":"http:\/\/www.redslogistics.com\/zh\/wp-json\/wp\/v2\/types\/page"}],"author":[{"embeddable":true,"href":"http:\/\/www.redslogistics.com\/zh\/wp-json\/wp\/v2\/users\/2"}],"replies":[{"embeddable":true,"href":"http:\/\/www.redslogistics.com\/zh\/wp-json\/wp\/v2\/comments?post=41"}],"version-history":[{"count":6,"href":"http:\/\/www.redslogistics.com\/zh\/wp-json\/wp\/v2\/pages\/41\/revisions"}],"predecessor-version":[{"id":256,"href":"http:\/\/www.redslogistics.com\/zh\/wp-json\/wp\/v2\/pages\/41\/revisions\/256"}],"up":[{"embeddable":true,"href":"http:\/\/www.redslogistics.com\/zh\/wp-json\/wp\/v2\/pages\/33"}],"wp:attachment":[{"href":"http:\/\/www.redslogistics.com\/zh\/wp-json\/wp\/v2\/media?parent=41"}],"curies":[{"name":"wp","href":"https:\/\/api.w.org\/{rel}","templated":true}]}}