{"id":43,"date":"2016-09-16T14:07:47","date_gmt":"2016-09-16T11:07:47","guid":{"rendered":"http:\/\/www.redslogistics.com\/?page_id=43"},"modified":"2016-11-09T14:28:33","modified_gmt":"2016-11-09T11:28:33","slug":"kiralama-hizmetleri","status":"publish","type":"page","link":"http:\/\/www.redslogistics.com\/zh\/lojistik\/kiralama-hizmetleri\/","title":{"rendered":"K\u0130RALAMA H\u0130ZMETLER\u0130"},"content":{"rendered":"<p><section id=\"\"  class=\"light\"> <div class=\"container\">  <div class=\"row\"><div class=\"col-md-12  text-default\" >[vc_column_text]<strong>GEM\u0130 K\u0130RALAMA<\/strong><\/p>\n<p>Uygun bir kiralamay\u0131 d\u00fc\u015f\u00fcnd\u00fc\u011f\u00fcn\u00fczde, yap\u0131lacak pek \u00e7ok \u015fey vard\u0131r. Kiralama i\u015fi alan\u0131nda uzman olsan\u0131z bile, bazen teknik ve yerel bilgiye ihtiyac\u0131n\u0131z olur. AKSU bu noktada hizmetinizdedir, \u00a0\u00a0En iyi \u201cKiralayan taraf\u201d \u015fartlar\u0131n\u0131 ve kuru-d\u00f6kme b\u00fcy\u00fck ebatl\u0131 y\u00fckleriniz i\u00e7in d\u00fcnyan\u0131n her liman\u0131ndan\/her liman\u0131na en uygun gemiyi sa\u011flar\u0131z.<\/p>\n<p><strong>U\u00c7AK K\u0130RALAMA<\/strong><\/p>\n<p>Acil y\u00fckleriniz i\u00e7in u\u00e7ak kiralama servisi veriyoruz. Her \u00e7e\u015fit y\u00fck i\u00e7in, her \u00e7e\u015fit u\u00e7u\u015f kiralamas\u0131 i\u00e7in l\u00fctfen bizi aray\u0131n\u0131z. Tatminkar bir s\u00fcre i\u00e7inde size d\u00f6n\u00fclecektir. \u00a0\u00a0Y\u00fckleme aciliyeti, y\u00fck\u00fcn de\u011feri ve ebatlar\u0131 ne olursa olsun, u\u00e7ak kiralama navlun ihtiya\u00e7lar\u0131n\u0131z i\u00e7in size en uygun \u00e7\u00f6z\u00fcm\u00fc sunmay\u0131 taahh\u00fct ederiz. \u00a0\u00a0B\u00fct\u00fcn u\u00e7akla ta\u015f\u0131malar hakk\u0131ndaki kapsaml\u0131 veri bankam\u0131z mevcut yerler ve m\u00fcsait olup olmama durumlar\u0131yla birlikte s\u00fcrekli g\u00fcncellenir. Bu bilgiyi kullanarak m\u00fc\u015fterimize b\u00fct\u00fcn hava nakliye ihtiya\u00e7lar\u0131n\u0131 uygun fiyata sunmay\u0131 ama\u00e7lar\u0131z.<\/p>\n<p>&nbsp;<\/p>\n<p><img loading=\"lazy\" class=\"alignnone size-full wp-image-98\" src=\"http:\/\/www.redslogistics.com\/wp-content\/uploads\/2016\/09\/IM000480.jpg\" alt=\"im000480\" width=\"592\" height=\"400\" srcset=\"http:\/\/www.redslogistics.com\/wp-content\/uploads\/2016\/09\/IM000480.jpg 592w, http:\/\/www.redslogistics.com\/wp-content\/uploads\/2016\/09\/IM000480-300x203.jpg 300w\" sizes=\"(max-width: 592px) 100vw, 592px\" \/>[\/vc_column_text]<\/div>  <\/div>  <\/div><\/section><\/p>","protected":false},"excerpt":{"rendered":"[vc_column_text]GEM\u0130 K\u0130RALAMA Uygun bir kiralamay\u0131 d\u00fc\u015f\u00fc [...]","protected":false},"author":2,"featured_media":0,"parent":33,"menu_order":0,"comment_status":"closed","ping_status":"closed","template":"","meta":[],"_links":{"self":[{"href":"http:\/\/www.redslogistics.com\/zh\/wp-json\/wp\/v2\/pages\/43"}],"collection":[{"href":"http:\/\/www.redslogistics.com\/zh\/wp-json\/wp\/v2\/pages"}],"about":[{"href":"http:\/\/www.redslogistics.com\/zh\/wp-json\/wp\/v2\/types\/page"}],"author":[{"embeddable":true,"href":"http:\/\/www.redslogistics.com\/zh\/wp-json\/wp\/v2\/users\/2"}],"replies":[{"embeddable":true,"href":"http:\/\/www.redslogistics.com\/zh\/wp-json\/wp\/v2\/comments?post=43"}],"version-history":[{"count":4,"href":"http:\/\/www.redslogistics.com\/zh\/wp-json\/wp\/v2\/pages\/43\/revisions"}],"predecessor-version":[{"id":192,"href":"http:\/\/www.redslogistics.com\/zh\/wp-json\/wp\/v2\/pages\/43\/revisions\/192"}],"up":[{"embeddable":true,"href":"http:\/\/www.redslogistics.com\/zh\/wp-json\/wp\/v2\/pages\/33"}],"wp:attachment":[{"href":"http:\/\/www.redslogistics.com\/zh\/wp-json\/wp\/v2\/media?parent=43"}],"curies":[{"name":"wp","href":"https:\/\/api.w.org\/{rel}","templated":true}]}}