{"id":45,"date":"2016-09-16T14:08:08","date_gmt":"2016-09-16T11:08:08","guid":{"rendered":"http:\/\/www.redslogistics.com\/?page_id=45"},"modified":"2023-01-19T13:47:10","modified_gmt":"2023-01-19T10:47:10","slug":"iletisim","status":"publish","type":"page","link":"http:\/\/www.redslogistics.com\/zh\/iletisim\/","title":{"rendered":"\u0130LET\u0130\u015e\u0130M"},"content":{"rendered":"<p><section id=\"\"  class=\"light\"> <div class=\"container\">  <div class=\"row\"><div class=\"col-md-6  text-default\" >[vc_column_text]<strong>T\u00fcrkiye<\/strong><\/p>\n<p>REDS LOGISTICS DI\u015e T\u0130C. LTD. \u015eT\u0130<\/p>\n<p>G\u00d6KEVLER MAH. 2331 SK PASIAD SAN SIT KAPI NO: 1D ESENYURT, 34522\/ \u0130STANBUL\/T\u00dcRKIYE<\/p>\n<p>Tel\u00a0 : +90 212 852 7744<br \/>\nFax : +90 212 852 7745<br \/>\nEmail : info@redslogistics.com[\/vc_column_text]<\/div><div class=\"col-md-6  text-default\" >[vc_column_text]<strong>Kazakistan<\/strong><\/p>\n<p>AKSU Logistics Ltd.<br \/>\nKazakhstan, Almaty,480004 Jibek-Joly 111 of 12<br \/>\nTel.\/Fax : +7 727 2664911<br \/>\nMob : +7 702 83 411 41<br \/>\nEmail : zhanar@aksutransport.com<br \/>\nEmail : aksu-log@mail.ru[\/vc_column_text]<\/div>  <\/div>  <\/div><\/section><section id=\"\"  class=\"light\"> <div class=\"container\">  <div class=\"row\"><div class=\"col-md-12  text-default\" >[vc_empty_space height=&#8221;100px&#8221;]<\/div>  <\/div>  <\/div><\/section><\/p>","protected":false},"excerpt":{"rendered":"[vc_column_text]T\u00fcrkiye REDS LOGISTICS DI\u015e T\u0130C. LTD. \u015eT [...]","protected":false},"author":2,"featured_media":0,"parent":0,"menu_order":0,"comment_status":"closed","ping_status":"closed","template":"","meta":[],"_links":{"self":[{"href":"http:\/\/www.redslogistics.com\/zh\/wp-json\/wp\/v2\/pages\/45"}],"collection":[{"href":"http:\/\/www.redslogistics.com\/zh\/wp-json\/wp\/v2\/pages"}],"about":[{"href":"http:\/\/www.redslogistics.com\/zh\/wp-json\/wp\/v2\/types\/page"}],"author":[{"embeddable":true,"href":"http:\/\/www.redslogistics.com\/zh\/wp-json\/wp\/v2\/users\/2"}],"replies":[{"embeddable":true,"href":"http:\/\/www.redslogistics.com\/zh\/wp-json\/wp\/v2\/comments?post=45"}],"version-history":[{"count":45,"href":"http:\/\/www.redslogistics.com\/zh\/wp-json\/wp\/v2\/pages\/45\/revisions"}],"predecessor-version":[{"id":286,"href":"http:\/\/www.redslogistics.com\/zh\/wp-json\/wp\/v2\/pages\/45\/revisions\/286"}],"wp:attachment":[{"href":"http:\/\/www.redslogistics.com\/zh\/wp-json\/wp\/v2\/media?parent=45"}],"curies":[{"name":"wp","href":"https:\/\/api.w.org\/{rel}","templated":true}]}}