{"id":47,"date":"2016-09-16T14:08:19","date_gmt":"2016-09-16T11:08:19","guid":{"rendered":"http:\/\/www.redslogistics.com\/?page_id=47"},"modified":"2018-02-07T17:30:03","modified_gmt":"2018-02-07T14:30:03","slug":"hakkimizda","status":"publish","type":"page","link":"http:\/\/www.redslogistics.com\/zh\/hakkimizda\/","title":{"rendered":"HAKKIMIZDA"},"content":{"rendered":"<p><section id=\"\"  class=\"light\"> <div class=\"container\">  <div class=\"row\"><div class=\"col-md-12  text-default\" >[vc_column_text]<strong>Uluslararas\u0131 Lojistik\u2019te \u00c7\u00f6z\u00fcm Orta\u011f\u0131n\u0131z \u00a0<\/strong><\/p>\n<p>2003 Y\u0131l\u0131nda Kurulan \u015eirketimizin misyonu, m\u00fc\u015fterilerine en iyi hizmeti, i\u015fleri i\u00e7in \u00f6zelle\u015ftirilmi\u015f \u00e7\u00f6z\u00fcmleri en rekabet\u00e7i fiyatlarla sa\u011flamakt\u0131r. Kap\u0131dan Kap\u0131ya ve\/veya Hava Liman\u0131n dan Hava Liman\u0131na t\u00fcm opsiyonlar\u0131n maliyet ve zaman kayb\u0131n\u0131z\u0131 \u00f6nleyecek \u015fekilde planlanmas\u0131 \u00f6ncelikli hedeflerimiz aras\u0131ndad\u0131r.<\/p>\n<p>\u00c7ift y\u00f6nl\u00fc kontrol ile hangi ta\u015fima anla\u015fmas\u0131n\u0131n(INCOTERMS) size daha uygun oldu\u011funu beliryerek maliyetlerinizi minimize etmenizi sa\u011flamak temel prensiplerimizdendir. \u00d6zellikle \u00c7in den yapaca\u011f\u0131n\u0131z ithalatlarda, \u00fcr\u00fcnlerinizin Kap\u0131dan al\u0131n\u0131p depolanmas\u0131, gerekmesi halinde yeniden paketlemesi, \u00c7in deki ihracat evraklar\u0131n\u0131n\/lisanslar\u0131n sa\u011flanmas\u0131, ihracat g\u00fcmr\u00fckleme hizmetleri ve T\u00fcrkiye de kap\u0131n\u0131za kadarki t\u00fcm hizmetleri kapsayan b\u00fct\u00fcnsel bir hizmet vermek en \u00f6nemli hizmet kalemlerimizdendir. Detaylar i\u00e7in Firmam\u0131z ile ileti\u015fime ge\u00e7menizi rica ederiz.<\/p>\n<p>&nbsp;<\/p>\n<p><img loading=\"lazy\" class=\"size-large wp-image-20 aligncenter\" src=\"http:\/\/www.redslogistics.com\/wp-content\/uploads\/2016\/09\/afis-767x1024.jpg\" alt=\"afis\" width=\"767\" height=\"1024\" srcset=\"http:\/\/www.redslogistics.com\/wp-content\/uploads\/2016\/09\/afis-767x1024.jpg 767w, http:\/\/www.redslogistics.com\/wp-content\/uploads\/2016\/09\/afis-225x300.jpg 225w, http:\/\/www.redslogistics.com\/wp-content\/uploads\/2016\/09\/afis-768x1026.jpg 768w, http:\/\/www.redslogistics.com\/wp-content\/uploads\/2016\/09\/afis.jpg 900w\" sizes=\"(max-width: 767px) 100vw, 767px\" \/><\/p>\n<p>&nbsp;<\/p>\n<p>&nbsp;<\/p>\n<p>[\/vc_column_text]<\/div>  <\/div>  <\/div><\/section><\/p>","protected":false},"excerpt":{"rendered":"[vc_column_text]Uluslararas\u0131 Lojistik\u2019te \u00c7\u00f6z\u00fcm Orta\u011f\u0131n\u0131 [...]","protected":false},"author":2,"featured_media":0,"parent":0,"menu_order":0,"comment_status":"closed","ping_status":"closed","template":"","meta":[],"_links":{"self":[{"href":"http:\/\/www.redslogistics.com\/zh\/wp-json\/wp\/v2\/pages\/47"}],"collection":[{"href":"http:\/\/www.redslogistics.com\/zh\/wp-json\/wp\/v2\/pages"}],"about":[{"href":"http:\/\/www.redslogistics.com\/zh\/wp-json\/wp\/v2\/types\/page"}],"author":[{"embeddable":true,"href":"http:\/\/www.redslogistics.com\/zh\/wp-json\/wp\/v2\/users\/2"}],"replies":[{"embeddable":true,"href":"http:\/\/www.redslogistics.com\/zh\/wp-json\/wp\/v2\/comments?post=47"}],"version-history":[{"count":11,"href":"http:\/\/www.redslogistics.com\/zh\/wp-json\/wp\/v2\/pages\/47\/revisions"}],"predecessor-version":[{"id":215,"href":"http:\/\/www.redslogistics.com\/zh\/wp-json\/wp\/v2\/pages\/47\/revisions\/215"}],"wp:attachment":[{"href":"http:\/\/www.redslogistics.com\/zh\/wp-json\/wp\/v2\/media?parent=47"}],"curies":[{"name":"wp","href":"https:\/\/api.w.org\/{rel}","templated":true}]}}